{"id":47,"date":"2024-09-04T17:16:06","date_gmt":"2024-09-04T17:16:06","guid":{"rendered":"http:\/\/www.mizarstvo-vrhovnik.si\/?page_id=47"},"modified":"2024-09-08T17:10:23","modified_gmt":"2024-09-08T17:10:23","slug":"stopnisca","status":"publish","type":"page","link":"https:\/\/www.mizarstvo-vrhovnik.si\/index.php\/stopnisca\/","title":{"rendered":"Stopni\u0161\u010da"},"content":{"rendered":"<!--[html]--><style><\/style><div class=\"bd-tagstyles  additional-class-2068480317 \"><div class=\"bd-container-inner bd-content-element\"><!--{content}--><!-- wp:spacer {\"height\":\"26px\"} -->\n<div style=\"height:26px\" aria-hidden=\"true\" class=\"wp-block-spacer\"><\/div>\n<!-- \/wp:spacer -->\n\n<!-- wp:paragraph {\"style\":{\"elements\":{\"link\":{\"color\":{\"text\":\"var:preset|color|black\"}}}},\"textColor\":\"black\"} -->\n<p class=\"has-black-color has-text-color has-link-color\"><strong>Kontaktirajte nas preko spodnjega obrazca in poslali vam bomo ponudbo za izvedbo del.<\/strong><\/p>\n<!-- \/wp:paragraph -->\n\n<!-- wp:paragraph -->\n<p><\/p>\n<!-- \/wp:paragraph -->\n\n<!-- wp:buttons -->\n<div class=\"wp-block-buttons\"><!-- wp:button {\"backgroundColor\":\"cyan-bluish-gray\",\"textColor\":\"black\",\"style\":{\"border\":{\"radius\":\"5px\"},\"elements\":{\"link\":{\"color\":{\"text\":\"var:preset|color|black\"}}}}} -->\n<div class=\"wp-block-button\"><a class=\"wp-block-button__link has-black-color has-cyan-bluish-gray-background-color has-text-color has-background has-link-color wp-element-button\" href=\"https:\/\/www.mizarstvo-vrhovnik.si\/index.php\/povprasevanje\/\" style=\"border-radius:5px\">Po\u0161lji povpra\u0161evanje<\/a><\/div>\n<!-- \/wp:button --><\/div>\n<!-- \/wp:buttons -->\n\n<!-- wp:spacer {\"height\":\"26px\"} -->\n<div style=\"height:26px\" aria-hidden=\"true\" class=\"wp-block-spacer\"><\/div>\n<!-- \/wp:spacer -->\n\n<!-- wp:paragraph -->\n<p>Lahko pa nas tudi pokli\u010dete na na\u0161o kontaktno telefonsko \u0161tevilko: <strong>041 713 526<\/strong><\/p>\n<!-- \/wp:paragraph -->\n\n<!-- wp:imagely\/nextgen-gallery -->\nngg_shortcode_0_placeholder\n<!-- \/wp:imagely\/nextgen-gallery --><!--{\/content}--><\/div><\/div><!--[\/html]-->\n","protected":false},"excerpt":{"rendered":"","protected":false},"author":1,"featured_media":0,"parent":0,"menu_order":0,"comment_status":"closed","ping_status":"closed","template":"page_23.php","meta":{"ngg_post_thumbnail":0,"footnotes":""},"class_list":["post-47","page","type-page","status-publish","hentry"],"_links":{"self":[{"href":"https:\/\/www.mizarstvo-vrhovnik.si\/index.php\/wp-json\/wp\/v2\/pages\/47"}],"collection":[{"href":"https:\/\/www.mizarstvo-vrhovnik.si\/index.php\/wp-json\/wp\/v2\/pages"}],"about":[{"href":"https:\/\/www.mizarstvo-vrhovnik.si\/index.php\/wp-json\/wp\/v2\/types\/page"}],"author":[{"embeddable":true,"href":"https:\/\/www.mizarstvo-vrhovnik.si\/index.php\/wp-json\/wp\/v2\/users\/1"}],"replies":[{"embeddable":true,"href":"https:\/\/www.mizarstvo-vrhovnik.si\/index.php\/wp-json\/wp\/v2\/comments?post=47"}],"version-history":[{"count":3,"href":"https:\/\/www.mizarstvo-vrhovnik.si\/index.php\/wp-json\/wp\/v2\/pages\/47\/revisions"}],"predecessor-version":[{"id":116,"href":"https:\/\/www.mizarstvo-vrhovnik.si\/index.php\/wp-json\/wp\/v2\/pages\/47\/revisions\/116"}],"wp:attachment":[{"href":"https:\/\/www.mizarstvo-vrhovnik.si\/index.php\/wp-json\/wp\/v2\/media?parent=47"}],"curies":[{"name":"wp","href":"https:\/\/api.w.org\/{rel}","templated":true}]}}